{"id":4733,"date":"2022-08-12T16:01:19","date_gmt":"2022-08-12T13:01:19","guid":{"rendered":"https:\/\/dshop.ee\/?post_type=product&#038;p=4733"},"modified":"2022-08-12T16:40:54","modified_gmt":"2022-08-12T13:40:54","slug":"pendant-lamp-eye-iii-l-zwis","status":"publish","type":"product","link":"https:\/\/dshop.ee\/en\/product\/pendant-lamp-eye-iii-l-zwis\/","title":{"rendered":"Pendant Lamp EYE III L | zwis"},"content":{"rendered":"<div class=\"is-divider divider clearfix\" style=\"max-width:100%;height:1px;\"><\/div>\n<div class=\"row row-collapse row-full-width align-middle\"  id=\"row-1470239964\">\n\n\t<div id=\"col-1803166899\" class=\"col medium-5 small-12 large-5\"  >\n\t\t\t\t<div class=\"col-inner\"  >\n\t\t\t\n\t\t\t\n<div class=\"container section-title-container\" ><h3 class=\"section-title section-title-bold\"><b><\/b><span class=\"section-title-main\" >VIEW IN PROJECT<\/span><b><\/b><\/h3><\/div>\n<div class=\"row row-full-width\"  id=\"row-409539925\">\n\n\t<div id=\"col-1104204434\" class=\"col medium-6 small-6 large-6\"  >\n\t\t\t\t<div class=\"col-inner\"  >\n\t\t\t\n\t<div class=\"is-border\"\n\t\tstyle=\"border-color:rgb(61, 173, 153);border-width:0px 0px 0px 1px;\">\n\t<\/div>\n\t\t\t\n\t<div id=\"text-2263858572\" class=\"text\">\n\t\t\n<p class=\"elementor-icon-box-title\">City:<\/p>\n<h3 class=\"elementor-icon-box-description\">KOHTLA-J\u00c4RVE<\/h3>\n\t\t\n<style>\n#text-2263858572 {\n  text-align: left;\n}\n<\/style>\n\t<\/div>\n\t\n\t\t<\/div>\n\t\t\t\t\n<style>\n#col-1104204434 > .col-inner {\n  padding: 0px 0px 0px 10px;\n}\n<\/style>\n\t<\/div>\n\n\t\n\n\t<div id=\"col-1367305013\" class=\"col medium-6 small-6 large-6\"  >\n\t\t\t\t<div class=\"col-inner\"  >\n\t\t\t\n\t<div class=\"is-border\"\n\t\tstyle=\"border-color:rgb(61, 173, 153);border-width:0px 0px 0px 1px;\">\n\t<\/div>\n\t\t\t\n\t<div id=\"text-390012415\" class=\"text\">\n\t\t\n<p class=\"elementor-icon-box-title\">Country:<\/p>\n<h3 class=\"elementor-icon-box-description\">ESTONIA<\/h3>\n\t\t\n<style>\n#text-390012415 {\n  text-align: left;\n}\n<\/style>\n\t<\/div>\n\t\n\t\t<\/div>\n\t\t\t\t\n<style>\n#col-1367305013 > .col-inner {\n  padding: 0px 0px 0px 10px;\n}\n<\/style>\n\t<\/div>\n\n\t\n\n\t<div id=\"col-1798581983\" class=\"col medium-6 small-6 large-6\"  >\n\t\t\t\t<div class=\"col-inner\"  >\n\t\t\t\n\t<div class=\"is-border\"\n\t\tstyle=\"border-color:rgb(61, 173, 153);border-width:0px 0px 0px 1px;\">\n\t<\/div>\n\t\t\t\n\t<div id=\"text-3884266993\" class=\"text\">\n\t\t\n<p class=\"elementor-icon-box-title\">Year:<\/p>\n<h3 class=\"elementor-icon-box-description\">2021<\/h3>\n\t\t\n<style>\n#text-3884266993 {\n  text-align: left;\n}\n<\/style>\n\t<\/div>\n\t\n\t\t<\/div>\n\t\t\t\t\n<style>\n#col-1798581983 > .col-inner {\n  padding: 0px 0px 0px 10px;\n}\n<\/style>\n\t<\/div>\n\n\t\n\n\t<div id=\"col-450509777\" class=\"col medium-6 small-6 large-6\"  >\n\t\t\t\t<div class=\"col-inner\"  >\n\t\t\t\n\t<div class=\"is-border\"\n\t\tstyle=\"border-color:rgb(61, 173, 153);border-width:0px 0px 0px 1px;\">\n\t<\/div>\n\t\t\t\n\t<div id=\"text-2063057482\" class=\"text\">\n\t\t\n<p class=\"elementor-icon-box-title\">Room type:<\/p>\n<h3 class=\"elementor-icon-box-description\">Bedroom<\/h3>\n\t\t\n<style>\n#text-2063057482 {\n  text-align: left;\n}\n<\/style>\n\t<\/div>\n\t\n\t\t<\/div>\n\t\t\t\t\n<style>\n#col-450509777 > .col-inner {\n  padding: 0px 0px 0px 10px;\n}\n<\/style>\n\t<\/div>\n\n\t\n<\/div>\n\t<div id=\"stack-2109673486\" class=\"stack hide-for-small stack-col justify-center items-start\">\n\t\t\n<a rel=\"noopener noreferrer\" href=\"https:\/\/anovozilova.com\/\" target=\"_blank\" class=\"button primary hide-for-small\"  style=\"padding:5px 15px 5px 15px;\">\n    <span>Learn more about projects<\/span>\n  <\/a>\n\n\t\t\n<style>\n#stack-2109673486 > * {\n  --stack-gap: 0rem;\n}\n<\/style>\n\t<\/div>\n\t\n\t\t<\/div>\n\t\t\t\t\t<\/div>\n\n\t\n\n\t<div id=\"col-915612920\" class=\"col medium-7 small-12 large-7\"  >\n\t\t\t\t<div class=\"col-inner\"  >\n\t\t\t\n\t\t\t\n<div class=\"slider-wrapper relative\" id=\"slider-1130217351\" >\n    <div class=\"slider slider-nav-dots-dashes-spaced slider-nav-circle slider-nav-large slider-nav-light slider-style-normal\"\n        data-flickity-options='{\n            \"cellAlign\": \"center\",\n            \"imagesLoaded\": true,\n            \"lazyLoad\": 1,\n            \"freeScroll\": false,\n            \"wrapAround\": true,\n            \"autoPlay\": 6000,\n            \"pauseAutoPlayOnHover\" : true,\n            \"prevNextButtons\": true,\n            \"contain\" : true,\n            \"adaptiveHeight\" : true,\n            \"dragThreshold\" : 10,\n            \"percentPosition\": true,\n            \"pageDots\": true,\n            \"rightToLeft\": false,\n            \"draggable\": true,\n            \"selectedAttraction\": 0.1,\n            \"parallax\" : 0,\n            \"friction\": 0.6        }'\n        >\n        \n\t<div class=\"img has-hover x md-x lg-x y md-y lg-y\" id=\"image_1700864541\">\n\t\t<a class=\"image-lightbox lightbox-gallery\" title=\"\" href=\"https:\/\/i0.wp.com\/dshop.ee\/wp-content\/uploads\/2022\/08\/Puru-tee-spalnja-v1_2.jpg?fit=1020%2C717&ssl=1\">\t\t\t\t\t\t<div class=\"img-inner dark\" style=\"margin:0 0px 0px 0px;\">\n\t\t\t<img loading=\"lazy\" decoding=\"async\" width=\"1020\" height=\"717\" src=\"https:\/\/i0.wp.com\/dshop.ee\/wp-content\/uploads\/2022\/08\/Puru-tee-spalnja-v1_2.jpg?fit=1020%2C717&amp;ssl=1\" class=\"attachment-large size-large\" alt=\"\" srcset=\"https:\/\/i0.wp.com\/dshop.ee\/wp-content\/uploads\/2022\/08\/Puru-tee-spalnja-v1_2.jpg?w=1280&amp;ssl=1 1280w, https:\/\/i0.wp.com\/dshop.ee\/wp-content\/uploads\/2022\/08\/Puru-tee-spalnja-v1_2.jpg?resize=569%2C400&amp;ssl=1 569w, https:\/\/i0.wp.com\/dshop.ee\/wp-content\/uploads\/2022\/08\/Puru-tee-spalnja-v1_2.jpg?resize=1138%2C800&amp;ssl=1 1138w, https:\/\/i0.wp.com\/dshop.ee\/wp-content\/uploads\/2022\/08\/Puru-tee-spalnja-v1_2.jpg?resize=768%2C540&amp;ssl=1 768w, https:\/\/i0.wp.com\/dshop.ee\/wp-content\/uploads\/2022\/08\/Puru-tee-spalnja-v1_2.jpg?resize=247%2C174&amp;ssl=1 247w, https:\/\/i0.wp.com\/dshop.ee\/wp-content\/uploads\/2022\/08\/Puru-tee-spalnja-v1_2.jpg?resize=510%2C359&amp;ssl=1 510w\" sizes=\"(max-width: 1020px) 100vw, 1020px\" \/>\t\t\t\t\t\t\n\t\t\t\t\t<\/div>\n\t\t\t\t\t\t<\/a>\t\t\n<style>\n#image_1700864541 {\n  width: 100%;\n}\n<\/style>\n\t<\/div>\n\t\n\t<div class=\"img has-hover x md-x lg-x y md-y lg-y\" id=\"image_196588583\">\n\t\t<a class=\"image-lightbox lightbox-gallery\" title=\"\" href=\"https:\/\/i0.wp.com\/dshop.ee\/wp-content\/uploads\/2022\/08\/Puru-tee-spalnja-v1_4.jpg?fit=1020%2C717&ssl=1\">\t\t\t\t\t\t<div class=\"img-inner dark\" style=\"margin:0 0px 0px 0px;\">\n\t\t\t<img loading=\"lazy\" decoding=\"async\" width=\"1020\" height=\"717\" src=\"https:\/\/i0.wp.com\/dshop.ee\/wp-content\/uploads\/2022\/08\/Puru-tee-spalnja-v1_4.jpg?fit=1020%2C717&amp;ssl=1\" class=\"attachment-large size-large\" alt=\"\" srcset=\"https:\/\/i0.wp.com\/dshop.ee\/wp-content\/uploads\/2022\/08\/Puru-tee-spalnja-v1_4.jpg?w=1280&amp;ssl=1 1280w, https:\/\/i0.wp.com\/dshop.ee\/wp-content\/uploads\/2022\/08\/Puru-tee-spalnja-v1_4.jpg?resize=569%2C400&amp;ssl=1 569w, https:\/\/i0.wp.com\/dshop.ee\/wp-content\/uploads\/2022\/08\/Puru-tee-spalnja-v1_4.jpg?resize=1138%2C800&amp;ssl=1 1138w, https:\/\/i0.wp.com\/dshop.ee\/wp-content\/uploads\/2022\/08\/Puru-tee-spalnja-v1_4.jpg?resize=768%2C540&amp;ssl=1 768w, https:\/\/i0.wp.com\/dshop.ee\/wp-content\/uploads\/2022\/08\/Puru-tee-spalnja-v1_4.jpg?resize=247%2C174&amp;ssl=1 247w, https:\/\/i0.wp.com\/dshop.ee\/wp-content\/uploads\/2022\/08\/Puru-tee-spalnja-v1_4.jpg?resize=510%2C359&amp;ssl=1 510w\" sizes=\"(max-width: 1020px) 100vw, 1020px\" \/>\t\t\t\t\t\t\n\t\t\t\t\t<\/div>\n\t\t\t\t\t\t<\/a>\t\t\n<style>\n#image_196588583 {\n  width: 100%;\n}\n<\/style>\n\t<\/div>\n\t\n\t<div class=\"img has-hover x md-x lg-x y md-y lg-y\" id=\"image_2109166926\">\n\t\t<a class=\"image-lightbox lightbox-gallery\" title=\"\" href=\"https:\/\/i0.wp.com\/dshop.ee\/wp-content\/uploads\/2022\/08\/Puru-tee-spalnja-v1_1.jpg?fit=1020%2C717&ssl=1\">\t\t\t\t\t\t<div class=\"img-inner dark\" style=\"margin:0 0px 0px 0px;\">\n\t\t\t<img loading=\"lazy\" decoding=\"async\" width=\"1020\" height=\"717\" src=\"https:\/\/i0.wp.com\/dshop.ee\/wp-content\/uploads\/2022\/08\/Puru-tee-spalnja-v1_1.jpg?fit=1020%2C717&amp;ssl=1\" class=\"attachment-large size-large\" alt=\"\" srcset=\"https:\/\/i0.wp.com\/dshop.ee\/wp-content\/uploads\/2022\/08\/Puru-tee-spalnja-v1_1.jpg?w=1280&amp;ssl=1 1280w, https:\/\/i0.wp.com\/dshop.ee\/wp-content\/uploads\/2022\/08\/Puru-tee-spalnja-v1_1.jpg?resize=569%2C400&amp;ssl=1 569w, https:\/\/i0.wp.com\/dshop.ee\/wp-content\/uploads\/2022\/08\/Puru-tee-spalnja-v1_1.jpg?resize=1138%2C800&amp;ssl=1 1138w, https:\/\/i0.wp.com\/dshop.ee\/wp-content\/uploads\/2022\/08\/Puru-tee-spalnja-v1_1.jpg?resize=768%2C540&amp;ssl=1 768w, https:\/\/i0.wp.com\/dshop.ee\/wp-content\/uploads\/2022\/08\/Puru-tee-spalnja-v1_1.jpg?resize=247%2C174&amp;ssl=1 247w, https:\/\/i0.wp.com\/dshop.ee\/wp-content\/uploads\/2022\/08\/Puru-tee-spalnja-v1_1.jpg?resize=510%2C359&amp;ssl=1 510w\" sizes=\"(max-width: 1020px) 100vw, 1020px\" \/>\t\t\t\t\t\t\n\t\t\t\t\t<\/div>\n\t\t\t\t\t\t<\/a>\t\t\n<style>\n#image_2109166926 {\n  width: 100%;\n}\n<\/style>\n\t<\/div>\n\t\n\t<div class=\"img has-hover x md-x lg-x y md-y lg-y\" id=\"image_1873489649\">\n\t\t<a class=\"image-lightbox lightbox-gallery\" title=\"\" href=\"https:\/\/i0.wp.com\/dshop.ee\/wp-content\/uploads\/2022\/08\/Puru-tee-spalnja-v1_5.jpg?fit=1020%2C717&ssl=1\">\t\t\t\t\t\t<div class=\"img-inner dark\" style=\"margin:0 0px 0px 0px;\">\n\t\t\t<img loading=\"lazy\" decoding=\"async\" width=\"1020\" height=\"717\" src=\"https:\/\/i0.wp.com\/dshop.ee\/wp-content\/uploads\/2022\/08\/Puru-tee-spalnja-v1_5.jpg?fit=1020%2C717&amp;ssl=1\" class=\"attachment-large size-large\" alt=\"\" srcset=\"https:\/\/i0.wp.com\/dshop.ee\/wp-content\/uploads\/2022\/08\/Puru-tee-spalnja-v1_5.jpg?w=1280&amp;ssl=1 1280w, https:\/\/i0.wp.com\/dshop.ee\/wp-content\/uploads\/2022\/08\/Puru-tee-spalnja-v1_5.jpg?resize=569%2C400&amp;ssl=1 569w, https:\/\/i0.wp.com\/dshop.ee\/wp-content\/uploads\/2022\/08\/Puru-tee-spalnja-v1_5.jpg?resize=1138%2C800&amp;ssl=1 1138w, https:\/\/i0.wp.com\/dshop.ee\/wp-content\/uploads\/2022\/08\/Puru-tee-spalnja-v1_5.jpg?resize=768%2C540&amp;ssl=1 768w, https:\/\/i0.wp.com\/dshop.ee\/wp-content\/uploads\/2022\/08\/Puru-tee-spalnja-v1_5.jpg?resize=247%2C174&amp;ssl=1 247w, https:\/\/i0.wp.com\/dshop.ee\/wp-content\/uploads\/2022\/08\/Puru-tee-spalnja-v1_5.jpg?resize=510%2C359&amp;ssl=1 510w\" sizes=\"(max-width: 1020px) 100vw, 1020px\" \/>\t\t\t\t\t\t\n\t\t\t\t\t<\/div>\n\t\t\t\t\t\t<\/a>\t\t\n<style>\n#image_1873489649 {\n  width: 100%;\n}\n<\/style>\n\t<\/div>\n\t\n     <\/div>\n\n     <div class=\"loading-spin dark large centered\"><\/div>\n\n\t<\/div>\n\n\n\t<div id=\"stack-3468531529\" class=\"stack stack-col justify-center items-start\">\n\t\t\n<a rel=\"noopener noreferrer\" href=\"https:\/\/anovozilova.com\/\" target=\"_blank\" class=\"button primary show-for-small\"  style=\"padding:5px 20px 5px 20px;\">\n    <span>Learn more about projects<\/span>\n  <\/a>\n\n\t\t\n<style>\n#stack-3468531529 > * {\n  --stack-gap: 0rem;\n}\n<\/style>\n\t<\/div>\n\t\n\t\t<\/div>\n\t\t\t\t\t<\/div>\n\n\t\n\n<style>\n#row-1470239964 > .col > .col-inner {\n  padding: 0 0px 0px 0px;\n}\n<\/style>\n<\/div>\n<h2><span style=\"font-size: 0%; color: #ffffff;\">Pendant Lamp EYE III L zwis<\/span><\/h2>\n\n  \n    <div class=\"row large-columns-5 medium-columns-3 small-columns-2 row-xsmall has-shadow row-box-shadow-1 row-box-shadow-1-hover slider row-slider slider-nav-reveal\"  data-flickity-options='{\"imagesLoaded\": true, \"groupCells\": \"100%\", \"dragThreshold\" : 5, \"cellAlign\": \"left\",\"wrapAround\": true,\"prevNextButtons\": true,\"percentPosition\": true,\"pageDots\": false, \"rightToLeft\": false, \"autoPlay\" : false}' >\n\n  \t<\/div>\n<div class=\"social-icons follow-icons full-width text-center\" ><a href=\"https:\/\/www.facebook.com\/anovozilovaa\" target=\"_blank\" rel=\"noopener noreferrer nofollow\" data-label=\"Facebook\" class=\"icon button circle is-outline facebook tooltip\" title=\"Follow on Facebook\" aria-label=\"Follow on Facebook\" ><i class=\"icon-facebook\" ><\/i><\/a><a href=\"https:\/\/www.instagram.com\/anovozilovaa\" target=\"_blank\" rel=\"noopener noreferrer nofollow\" data-label=\"Instagram\" class=\"icon button circle is-outline instagram tooltip\" title=\"Follow on Instagram\" aria-label=\"Follow on Instagram\" ><i class=\"icon-instagram\" ><\/i><\/a><a href=\"mailto:info@dshop.ee\" data-label=\"E-mail\" target=\"_blank\" rel=\"nofollow\" class=\"icon button circle is-outline email tooltip\" title=\"Send us an email\" aria-label=\"Send us an email\" ><i class=\"icon-envelop\" ><\/i><\/a><\/div>\n<h2><span style=\"font-size: 0%; color: #ffffff;\">Pendant Lamp EYE III L zwis<\/span><\/h2>\n<h5 style=\"text-align: center;\"><em><span style=\"font-size: 75%;\">The color of the product shown in the picture may vary slightly, and the information in the description is general, therefore not all product characteristics may be mentioned. If you have any questions, we always look forward to your call on +372 56949250 or email to <a href=\"mailto:info@dshop.ee\">info@dshop.ee<\/a><\/span><\/em><\/h5>\n<h2><span style=\"font-size: 0%; color: #ffffff;\">Pendant Lamp EYE III L zwis<\/span><\/h2>\n","protected":false},"excerpt":{"rendered":"<hr \/>\n<p>Material: Painted steel<br \/>\nColour: White<br \/>\nHeight: 130 cm<br \/>\nWidth: 20 cm<br \/>\nSailing cup height: 2.5 cm<br \/>\nCeiling cup width: 20 cm<br \/>\nHeight of shade \/ spotlight: 40 cm<br \/>\nWidth of shade\/spotlight: 5.5 cm<\/p>\n<hr \/>\n<p>Light source: GU10<br \/>\nMaximum wattage: 3x10W only LED<br \/>\nLight sources type: Replaceable<br \/>\nLamp includes source of light: No<br \/>\nNumber of light sources: 3<br \/>\nNumber of light sections: 1<br \/>\nIP: IP20<\/p>\n<hr \/>\n<p><strong>Delivery time:<\/strong> 2-3 weeks<\/p>\n","protected":false},"featured_media":4726,"comment_status":"open","ping_status":"closed","template":"","meta":[],"product_cat":[81,87],"product_tag":[105,236,107,318],"class_list":["post-4733","product","type-product","status-publish","has-post-thumbnail","hentry","product_cat-interior-lightning","product_cat-ceiling-lamps","product_tag-chandelier","product_tag-collection-modern","product_tag-lighting","product_tag-series-nola"],"yoast_head":"<!-- This site is optimized with the Yoast SEO plugin v21.5 - https:\/\/yoast.com\/wordpress\/plugins\/seo\/ -->\n<title>Pendant Lamp Pendant Lamp EYE III L zwis - D.SHOP -<\/title>\n<meta name=\"description\" content=\"Pendant Lamp Pendant Lamp EYE III L zwis - Laconic lamps will be a great idea for interior lighting.\" \/>\n<meta name=\"robots\" content=\"index, follow, max-snippet:-1, max-image-preview:large, max-video-preview:-1\" \/>\n<link rel=\"canonical\" href=\"https:\/\/dshop.ee\/en\/product\/pendant-lamp-eye-iii-l-zwis\/\" \/>\n<meta property=\"og:locale\" content=\"en_US\" \/>\n<meta property=\"og:type\" content=\"article\" \/>\n<meta property=\"og:title\" content=\"Pendant Lamp Pendant Lamp EYE III L zwis - D.SHOP -\" \/>\n<meta property=\"og:description\" content=\"Pendant Lamp Pendant Lamp EYE III L zwis - Laconic lamps will be a great idea for interior lighting.\" \/>\n<meta property=\"og:url\" content=\"https:\/\/dshop.ee\/en\/product\/pendant-lamp-eye-iii-l-zwis\/\" \/>\n<meta property=\"og:site_name\" content=\"D.SHOP\" \/>\n<meta property=\"article:publisher\" content=\"https:\/\/www.facebook.com\/anovozilovaa\" \/>\n<meta property=\"article:modified_time\" content=\"2022-08-12T13:40:54+00:00\" \/>\n<meta property=\"og:image\" content=\"https:\/\/i0.wp.com\/dshop.ee\/wp-content\/uploads\/2022\/07\/EYE-III-L-zwis-2.jpg?fit=1199%2C1200&ssl=1\" \/>\n\t<meta property=\"og:image:width\" content=\"1199\" \/>\n\t<meta property=\"og:image:height\" content=\"1200\" \/>\n\t<meta property=\"og:image:type\" content=\"image\/jpeg\" \/>\n<meta name=\"twitter:card\" content=\"summary_large_image\" \/>\n<meta name=\"twitter:label1\" content=\"Est. reading time\" \/>\n\t<meta name=\"twitter:data1\" content=\"2 minutes\" \/>\n<script type=\"application\/ld+json\" class=\"yoast-schema-graph\">{\"@context\":\"https:\/\/schema.org\",\"@graph\":[{\"@type\":\"WebPage\",\"@id\":\"https:\/\/dshop.ee\/en\/product\/pendant-lamp-eye-iii-l-zwis\/\",\"url\":\"https:\/\/dshop.ee\/en\/product\/pendant-lamp-eye-iii-l-zwis\/\",\"name\":\"Pendant Lamp Pendant Lamp EYE III L zwis - D.SHOP -\",\"isPartOf\":{\"@id\":\"https:\/\/dshop.ee\/en\/#website\"},\"datePublished\":\"2022-08-12T13:01:19+00:00\",\"dateModified\":\"2022-08-12T13:40:54+00:00\",\"description\":\"Pendant Lamp Pendant Lamp EYE III L zwis - Laconic lamps will be a great idea for interior lighting.\",\"breadcrumb\":{\"@id\":\"https:\/\/dshop.ee\/en\/product\/pendant-lamp-eye-iii-l-zwis\/#breadcrumb\"},\"inLanguage\":\"en-US\",\"potentialAction\":[{\"@type\":\"ReadAction\",\"target\":[\"https:\/\/dshop.ee\/en\/product\/pendant-lamp-eye-iii-l-zwis\/\"]}]},{\"@type\":\"BreadcrumbList\",\"@id\":\"https:\/\/dshop.ee\/en\/product\/pendant-lamp-eye-iii-l-zwis\/#breadcrumb\",\"itemListElement\":[{\"@type\":\"ListItem\",\"position\":1,\"name\":\"Home\",\"item\":\"https:\/\/dshop.ee\/en\/\"},{\"@type\":\"ListItem\",\"position\":2,\"name\":\"Shop\",\"item\":\"https:\/\/dshop.ee\/en\/shop\/\"},{\"@type\":\"ListItem\",\"position\":3,\"name\":\"Pendant Lamp EYE III L | zwis\"}]},{\"@type\":\"WebSite\",\"@id\":\"https:\/\/dshop.ee\/en\/#website\",\"url\":\"https:\/\/dshop.ee\/en\/\",\"name\":\"D.SHOP\",\"description\":\"We are ready to help make a home of your dreams. So cozy and all yours.\",\"publisher\":{\"@id\":\"https:\/\/dshop.ee\/en\/#organization\"},\"potentialAction\":[{\"@type\":\"SearchAction\",\"target\":{\"@type\":\"EntryPoint\",\"urlTemplate\":\"https:\/\/dshop.ee\/en\/?s={search_term_string}\"},\"query-input\":\"required name=search_term_string\"}],\"inLanguage\":\"en-US\"},{\"@type\":\"Organization\",\"@id\":\"https:\/\/dshop.ee\/en\/#organization\",\"name\":\"D.SHOP\",\"url\":\"https:\/\/dshop.ee\/en\/\",\"logo\":{\"@type\":\"ImageObject\",\"inLanguage\":\"en-US\",\"@id\":\"https:\/\/dshop.ee\/en\/#\/schema\/logo\/image\/\",\"url\":\"https:\/\/i0.wp.com\/www.dshop.ee\/wp-content\/uploads\/2022\/05\/Dshop-logo-300-2.jpg?fit=300%2C188&ssl=1\",\"contentUrl\":\"https:\/\/i0.wp.com\/www.dshop.ee\/wp-content\/uploads\/2022\/05\/Dshop-logo-300-2.jpg?fit=300%2C188&ssl=1\",\"width\":300,\"height\":188,\"caption\":\"D.SHOP\"},\"image\":{\"@id\":\"https:\/\/dshop.ee\/en\/#\/schema\/logo\/image\/\"},\"sameAs\":[\"https:\/\/www.facebook.com\/anovozilovaa\",\"https:\/\/www.instagram.com\/anovozilovaa\/\"]}]}<\/script>\n<!-- \/ Yoast SEO plugin. -->","yoast_head_json":{"title":"Pendant Lamp Pendant Lamp EYE III L zwis - D.SHOP -","description":"Pendant Lamp Pendant Lamp EYE III L zwis - Laconic lamps will be a great idea for interior lighting.","robots":{"index":"index","follow":"follow","max-snippet":"max-snippet:-1","max-image-preview":"max-image-preview:large","max-video-preview":"max-video-preview:-1"},"canonical":"https:\/\/dshop.ee\/en\/product\/pendant-lamp-eye-iii-l-zwis\/","og_locale":"en_US","og_type":"article","og_title":"Pendant Lamp Pendant Lamp EYE III L zwis - D.SHOP -","og_description":"Pendant Lamp Pendant Lamp EYE III L zwis - Laconic lamps will be a great idea for interior lighting.","og_url":"https:\/\/dshop.ee\/en\/product\/pendant-lamp-eye-iii-l-zwis\/","og_site_name":"D.SHOP","article_publisher":"https:\/\/www.facebook.com\/anovozilovaa","article_modified_time":"2022-08-12T13:40:54+00:00","og_image":[{"width":1199,"height":1200,"url":"https:\/\/i0.wp.com\/dshop.ee\/wp-content\/uploads\/2022\/07\/EYE-III-L-zwis-2.jpg?fit=1199%2C1200&ssl=1","type":"image\/jpeg"}],"twitter_card":"summary_large_image","twitter_misc":{"Est. reading time":"2 minutes"},"schema":{"@context":"https:\/\/schema.org","@graph":[{"@type":"WebPage","@id":"https:\/\/dshop.ee\/en\/product\/pendant-lamp-eye-iii-l-zwis\/","url":"https:\/\/dshop.ee\/en\/product\/pendant-lamp-eye-iii-l-zwis\/","name":"Pendant Lamp Pendant Lamp EYE III L zwis - D.SHOP -","isPartOf":{"@id":"https:\/\/dshop.ee\/en\/#website"},"datePublished":"2022-08-12T13:01:19+00:00","dateModified":"2022-08-12T13:40:54+00:00","description":"Pendant Lamp Pendant Lamp EYE III L zwis - Laconic lamps will be a great idea for interior lighting.","breadcrumb":{"@id":"https:\/\/dshop.ee\/en\/product\/pendant-lamp-eye-iii-l-zwis\/#breadcrumb"},"inLanguage":"en-US","potentialAction":[{"@type":"ReadAction","target":["https:\/\/dshop.ee\/en\/product\/pendant-lamp-eye-iii-l-zwis\/"]}]},{"@type":"BreadcrumbList","@id":"https:\/\/dshop.ee\/en\/product\/pendant-lamp-eye-iii-l-zwis\/#breadcrumb","itemListElement":[{"@type":"ListItem","position":1,"name":"Home","item":"https:\/\/dshop.ee\/en\/"},{"@type":"ListItem","position":2,"name":"Shop","item":"https:\/\/dshop.ee\/en\/shop\/"},{"@type":"ListItem","position":3,"name":"Pendant Lamp EYE III L | zwis"}]},{"@type":"WebSite","@id":"https:\/\/dshop.ee\/en\/#website","url":"https:\/\/dshop.ee\/en\/","name":"D.SHOP","description":"We are ready to help make a home of your dreams. So cozy and all yours.","publisher":{"@id":"https:\/\/dshop.ee\/en\/#organization"},"potentialAction":[{"@type":"SearchAction","target":{"@type":"EntryPoint","urlTemplate":"https:\/\/dshop.ee\/en\/?s={search_term_string}"},"query-input":"required name=search_term_string"}],"inLanguage":"en-US"},{"@type":"Organization","@id":"https:\/\/dshop.ee\/en\/#organization","name":"D.SHOP","url":"https:\/\/dshop.ee\/en\/","logo":{"@type":"ImageObject","inLanguage":"en-US","@id":"https:\/\/dshop.ee\/en\/#\/schema\/logo\/image\/","url":"https:\/\/i0.wp.com\/www.dshop.ee\/wp-content\/uploads\/2022\/05\/Dshop-logo-300-2.jpg?fit=300%2C188&ssl=1","contentUrl":"https:\/\/i0.wp.com\/www.dshop.ee\/wp-content\/uploads\/2022\/05\/Dshop-logo-300-2.jpg?fit=300%2C188&ssl=1","width":300,"height":188,"caption":"D.SHOP"},"image":{"@id":"https:\/\/dshop.ee\/en\/#\/schema\/logo\/image\/"},"sameAs":["https:\/\/www.facebook.com\/anovozilovaa","https:\/\/www.instagram.com\/anovozilovaa\/"]}]}},"jetpack-related-posts":[{"id":3346,"url":"https:\/\/dshop.ee\/en\/product\/office-chair-slorino-pink\/","url_meta":{"origin":4733,"position":0},"title":"Office chair Slorino | pink","date":"01.06.2022","format":false,"excerpt":"Color:\u00a0Pink Seat height:\u00a044-54cm Material:\u00a0Polyester\/metal\/wood Width:\u00a058.00 cm Heigh:\u00a088.00 cm Lenght:\u00a062.00 cm Weight:\u00a010 kg Delivery time: 4-8 weeks","rel":"","context":"Similar post","img":{"alt_text":"","src":"https:\/\/i0.wp.com\/dshop.ee\/wp-content\/uploads\/2022\/06\/Kontoritool-Slorino-3.jpg?fit=1000%2C1000&ssl=1&resize=350%2C200","width":350,"height":200},"classes":[]},{"id":3046,"url":"https:\/\/dshop.ee\/en\/product\/table-with-lid-sasha-%e2%8c%8038cm\/","url_meta":{"origin":4733,"position":1},"title":"Table with lid SASHA | \u230038cm","date":"20.05.2022","format":false,"excerpt":"The table is made of cork and lacquered MDF board Legs made of black metal It is delivered disassembled Weight (kg): 5 Height (cm): 43 Diameter (cm): 38 Delivery time: 4-8 weeks","rel":"","context":"Similar post","img":{"alt_text":"","src":"https:\/\/i0.wp.com\/dshop.ee\/wp-content\/uploads\/2022\/05\/Laud-Sasha-5.jpeg?fit=655%2C800&ssl=1&resize=350%2C200","width":350,"height":200},"classes":[]},{"id":4633,"url":"https:\/\/dshop.ee\/en\/product\/extendable-dining-table-dello-100-129-cm\/","url_meta":{"origin":4733,"position":2},"title":"Extendable dining table DELLO 100-129 cm | white","date":"05.08.2022","format":false,"excerpt":"Tabletop: MDF Frame made of wood Width: 70cm Length: 100 -129cm Colour: white It is delivered disassembled Weight (kg): 27 Total height: 75 cm Width: 70 cm Length: 100 (129) cm Material: MDF Delivery time: 2-4 weeks","rel":"","context":"Similar post","img":{"alt_text":"","src":"https:\/\/i0.wp.com\/dshop.ee\/wp-content\/uploads\/2022\/08\/DELLO_valge_100x70-1.jpg?fit=800%2C600&ssl=1&resize=350%2C200","width":350,"height":200},"classes":[]},{"id":1822,"url":"https:\/\/dshop.ee\/toode\/kirjutuslaud-cloe-sinine-24zrla03\/","url_meta":{"origin":4733,"position":3},"title":"Kirjutuslaud CLOE | sinine 24ZRLA03","date":"02.05.2022","format":false,"excerpt":"Valmistatud kvaliteetsest lamineeritud kattega m\u00f6\u00f6bliplaadist 4 sahtlit Lauaraam ja k\u00e4epidemed on kuldset v\u00e4rvi metallist Viimistlus: sinine Tarnitakse detailidena M\u00f5\u00f5dud (LxSxK), cm: 120x50x95 Tarneaeg: 4-8 n\u00e4dalat","rel":"","context":"Similar post","img":{"alt_text":"","src":"https:\/\/i0.wp.com\/dshop.ee\/wp-content\/uploads\/2022\/05\/Cloe_laud-1.jpg?fit=1200%2C900&ssl=1&resize=350%2C200","width":350,"height":200},"classes":[]},{"id":1791,"url":"https:\/\/dshop.ee\/en\/product\/chair-linea-velvet-bluvel-86-dark-blue\/","url_meta":{"origin":4733,"position":4},"title":"Chair LINEA velvet BLUVEL 86 | dark blue","date":"02.05.2022","format":false,"excerpt":"The seat and back are covered with velvet fabric Black metal frame Seat height: 47 cm Finish option: dark blue It is delivered disassembled Specification Weight (kg): 7.5 Height (cm): 82 Width (cm): 43 Length (cm): 49 Material: Velvet Delivery time: 3-4 weeks","rel":"","context":"Similar post","img":{"alt_text":"","src":"https:\/\/i0.wp.com\/dshop.ee\/wp-content\/uploads\/2022\/05\/LINEA-velvet-BLUVEL-86-2.jpg?fit=800%2C800&ssl=1&resize=350%2C200","width":350,"height":200},"classes":[]},{"id":1244,"url":"https:\/\/dshop.ee\/en\/product\/tumba-corno-velvet-blue-furniture-for-home\/","url_meta":{"origin":4733,"position":5},"title":"Tumba CORNO | blue |","date":"26.04.2022","format":false,"excerpt":"The pouffe is lined with velvet fabric Legs made of metal, golden colour Colour: Blue It is delivered disassembled Specification Weight (kg): 6 Height (cm): 42 Width (cm): 42 Length (cm): 42 Material: Velvet Delivery time: 4-8 weeks","rel":"","context":"Similar post","img":{"alt_text":"","src":"https:\/\/i0.wp.com\/dshop.ee\/wp-content\/uploads\/2022\/04\/5b75fceee5552aca115c008e6bb09f8d.jpeg?fit=800%2C800&ssl=1&resize=350%2C200","width":350,"height":200},"classes":[]}],"_links":{"self":[{"href":"https:\/\/dshop.ee\/en\/wp-json\/wp\/v2\/product\/4733"}],"collection":[{"href":"https:\/\/dshop.ee\/en\/wp-json\/wp\/v2\/product"}],"about":[{"href":"https:\/\/dshop.ee\/en\/wp-json\/wp\/v2\/types\/product"}],"replies":[{"embeddable":true,"href":"https:\/\/dshop.ee\/en\/wp-json\/wp\/v2\/comments?post=4733"}],"wp:featuredmedia":[{"embeddable":true,"href":"https:\/\/dshop.ee\/en\/wp-json\/wp\/v2\/media\/4726"}],"wp:attachment":[{"href":"https:\/\/dshop.ee\/en\/wp-json\/wp\/v2\/media?parent=4733"}],"wp:term":[{"taxonomy":"product_cat","embeddable":true,"href":"https:\/\/dshop.ee\/en\/wp-json\/wp\/v2\/product_cat?post=4733"},{"taxonomy":"product_tag","embeddable":true,"href":"https:\/\/dshop.ee\/en\/wp-json\/wp\/v2\/product_tag?post=4733"}],"curies":[{"name":"wp","href":"https:\/\/api.w.org\/{rel}","templated":true}]}}